{"id":311,"date":"2023-03-01T14:18:18","date_gmt":"2023-03-01T14:18:18","guid":{"rendered":"https:\/\/villedelparco-landing-page.ms.decms.eu\/?page_id=311"},"modified":"2024-12-19T09:31:33","modified_gmt":"2024-12-19T09:31:33","slug":"standardzimmer-mit-terrasse","status":"publish","type":"page","link":"https:\/\/www.villedelparco.com\/de\/standardzimmer-mit-terrasse\/","title":{"rendered":"Superior Zimmer\/Superior Familienzimmer mit Terrasse"},"content":{"rendered":"<p>In die Natur eingebettet und im ersten Stock gelegen, sind die Zimmer in mediterranen Farben und typisch sardischem Stil gestaltet. Durch die\u00a0<strong>gro\u00dfen Schiebet\u00fcren<\/strong>, die viel Licht hereinlassen, gelangt man auf eine\u00a0<strong>Terrasse<\/strong>\u00a0mit komfortablen Gartenm\u00f6beln.<\/p>\n<p>Die Zimmer verf\u00fcgen \u00fcber Klimaanlage, WLAN, TV, einen Safe und eine Minibar.<\/p>\n<p>Sie sind auch in der\u00a0<strong>familienversion verf\u00fcgbar<\/strong>\u00a0und bieten Platz f<em>\u00fcr bis zu 3 Personen. Gr\u00f6\u00dfe: 18 m\u00b2<\/em><\/p>\n","protected":false},"excerpt":{"rendered":"<p>In die Natur eingebettet und im ersten Stock gelegen, sind die Zimmer in mediterranen Farben und typisch sardischem Stil gestaltet. Durch die\u00a0gro\u00dfen Schiebet\u00fcren, die viel Licht hereinlassen, gelangt man auf eine\u00a0Terrasse\u00a0mit komfortablen Gartenm\u00f6beln. Die Zimmer verf\u00fcgen \u00fcber Klimaanlage, WLAN, TV, einen Safe und eine Minibar. Sie sind auch in der\u00a0familienversion verf\u00fcgbar\u00a0und bieten Platz f\u00fcr bis [&hellip;]<\/p>\n","protected":false},"author":7,"featured_media":0,"parent":0,"menu_order":2,"comment_status":"closed","ping_status":"closed","template":"template-single-room.php","meta":{"footnotes":""},"class_list":["post-311","page","type-page","status-publish","hentry"],"yoast_head":"<!-- This site is optimized with the Yoast SEO plugin v26.9 - https:\/\/yoast.com\/product\/yoast-seo-wordpress\/ -->\n<title>Superior Zimmer\/Superior Familienzimmer mit Terrasse ~ Ville del Parco Arbatax ~<\/title>\n<meta name=\"description\" content=\"In die Natur eingebettet und im ersten Stock gelegen, sind die Zimmer in mediterranen Farben und typisch sardischem Stil gestaltet. Durch die\u00a0gro\u00dfen Schiebet\u00fcren, die viel Licht hereinlassen, gelangt man auf eine\u00a0Terrasse\u00a0mit komfortablen Gartenm\u00f6beln.  Die Zimmer verf\u00fcgen \u00fcber Klimaanlage, WLAN, TV, einen Safe und eine Minibar.  Sie sind auch in der\u00a0familienversion verf\u00fcgbar\u00a0und bieten Platz f\u00fcr bis zu 3 Personen\" \/>\n<meta name=\"robots\" content=\"index, follow, max-snippet:-1, max-image-preview:large, max-video-preview:-1\" \/>\n<link rel=\"canonical\" href=\"https:\/\/www.villedelparco.com\/de\/standardzimmer-mit-terrasse\/\" \/>\n<meta property=\"og:locale\" content=\"de_DE\" \/>\n<meta property=\"og:type\" content=\"article\" \/>\n<meta property=\"og:title\" content=\"Superior Zimmer\/Superior Familienzimmer mit Terrasse ~ Ville del Parco Arbatax ~\" \/>\n<meta property=\"og:description\" content=\"In die Natur eingebettet und im ersten Stock gelegen, sind die Zimmer in mediterranen Farben und typisch sardischem Stil gestaltet. Durch die\u00a0gro\u00dfen Schiebet\u00fcren, die viel Licht hereinlassen, gelangt man auf eine\u00a0Terrasse\u00a0mit komfortablen Gartenm\u00f6beln.  Die Zimmer verf\u00fcgen \u00fcber Klimaanlage, WLAN, TV, einen Safe und eine Minibar.  Sie sind auch in der\u00a0familienversion verf\u00fcgbar\u00a0und bieten Platz f\u00fcr bis zu 3 Personen\" \/>\n<meta property=\"og:url\" content=\"https:\/\/www.villedelparco.com\/de\/standardzimmer-mit-terrasse\/\" \/>\n<meta property=\"og:site_name\" content=\"Ville del Parco Arbatax\" \/>\n<meta property=\"article:modified_time\" content=\"2024-12-19T09:31:33+00:00\" \/>\n<meta name=\"twitter:card\" content=\"summary_large_image\" \/>\n<meta name=\"twitter:label1\" content=\"Gesch\u00e4tzte Lesezeit\" \/>\n\t<meta name=\"twitter:data1\" content=\"1 Minute\" \/>\n<script type=\"application\/ld+json\" class=\"yoast-schema-graph\">{\"@context\":\"https:\/\/schema.org\",\"@graph\":[{\"@type\":\"WebPage\",\"@id\":\"https:\/\/www.villedelparco.com\/de\/standardzimmer-mit-terrasse\/\",\"url\":\"https:\/\/www.villedelparco.com\/de\/standardzimmer-mit-terrasse\/\",\"name\":\"Superior Zimmer\/Superior Familienzimmer mit Terrasse ~ Ville del Parco Arbatax ~\",\"isPartOf\":{\"@id\":\"https:\/\/www.villedelparco.com\/de\/#website\"},\"datePublished\":\"2023-03-01T14:18:18+00:00\",\"dateModified\":\"2024-12-19T09:31:33+00:00\",\"description\":\"In die Natur eingebettet und im ersten Stock gelegen, sind die Zimmer in mediterranen Farben und typisch sardischem Stil gestaltet. Durch die\u00a0gro\u00dfen Schiebet\u00fcren, die viel Licht hereinlassen, gelangt man auf eine\u00a0Terrasse\u00a0mit komfortablen Gartenm\u00f6beln. Die Zimmer verf\u00fcgen \u00fcber Klimaanlage, WLAN, TV, einen Safe und eine Minibar. Sie sind auch in der\u00a0familienversion verf\u00fcgbar\u00a0und bieten Platz f\u00fcr bis zu 3 Personen\",\"breadcrumb\":{\"@id\":\"https:\/\/www.villedelparco.com\/de\/standardzimmer-mit-terrasse\/#breadcrumb\"},\"inLanguage\":\"de-DE\",\"potentialAction\":[{\"@type\":\"ReadAction\",\"target\":[\"https:\/\/www.villedelparco.com\/de\/standardzimmer-mit-terrasse\/\"]}]},{\"@type\":\"BreadcrumbList\",\"@id\":\"https:\/\/www.villedelparco.com\/de\/standardzimmer-mit-terrasse\/#breadcrumb\",\"itemListElement\":[{\"@type\":\"ListItem\",\"position\":1,\"name\":\"Home\",\"item\":\"https:\/\/www.villedelparco.com\/de\/\"},{\"@type\":\"ListItem\",\"position\":2,\"name\":\"Superior Zimmer\/Superior Familienzimmer mit Terrasse\"}]},{\"@type\":\"WebSite\",\"@id\":\"https:\/\/www.villedelparco.com\/de\/#website\",\"url\":\"https:\/\/www.villedelparco.com\/de\/\",\"name\":\"Ville del Parco Arbatax\",\"description\":\"\",\"potentialAction\":[{\"@type\":\"SearchAction\",\"target\":{\"@type\":\"EntryPoint\",\"urlTemplate\":\"https:\/\/www.villedelparco.com\/de\/?s={search_term_string}\"},\"query-input\":{\"@type\":\"PropertyValueSpecification\",\"valueRequired\":true,\"valueName\":\"search_term_string\"}}],\"inLanguage\":\"de-DE\"}]}<\/script>\n<!-- \/ Yoast SEO plugin. -->","yoast_head_json":{"title":"Superior Zimmer\/Superior Familienzimmer mit Terrasse ~ Ville del Parco Arbatax ~","description":"In die Natur eingebettet und im ersten Stock gelegen, sind die Zimmer in mediterranen Farben und typisch sardischem Stil gestaltet. Durch die\u00a0gro\u00dfen Schiebet\u00fcren, die viel Licht hereinlassen, gelangt man auf eine\u00a0Terrasse\u00a0mit komfortablen Gartenm\u00f6beln.  Die Zimmer verf\u00fcgen \u00fcber Klimaanlage, WLAN, TV, einen Safe und eine Minibar.  Sie sind auch in der\u00a0familienversion verf\u00fcgbar\u00a0und bieten Platz f\u00fcr bis zu 3 Personen","robots":{"index":"index","follow":"follow","max-snippet":"max-snippet:-1","max-image-preview":"max-image-preview:large","max-video-preview":"max-video-preview:-1"},"canonical":"https:\/\/www.villedelparco.com\/de\/standardzimmer-mit-terrasse\/","og_locale":"de_DE","og_type":"article","og_title":"Superior Zimmer\/Superior Familienzimmer mit Terrasse ~ Ville del Parco Arbatax ~","og_description":"In die Natur eingebettet und im ersten Stock gelegen, sind die Zimmer in mediterranen Farben und typisch sardischem Stil gestaltet. Durch die\u00a0gro\u00dfen Schiebet\u00fcren, die viel Licht hereinlassen, gelangt man auf eine\u00a0Terrasse\u00a0mit komfortablen Gartenm\u00f6beln.  Die Zimmer verf\u00fcgen \u00fcber Klimaanlage, WLAN, TV, einen Safe und eine Minibar.  Sie sind auch in der\u00a0familienversion verf\u00fcgbar\u00a0und bieten Platz f\u00fcr bis zu 3 Personen","og_url":"https:\/\/www.villedelparco.com\/de\/standardzimmer-mit-terrasse\/","og_site_name":"Ville del Parco Arbatax","article_modified_time":"2024-12-19T09:31:33+00:00","twitter_card":"summary_large_image","twitter_misc":{"Gesch\u00e4tzte Lesezeit":"1 Minute"},"schema":{"@context":"https:\/\/schema.org","@graph":[{"@type":"WebPage","@id":"https:\/\/www.villedelparco.com\/de\/standardzimmer-mit-terrasse\/","url":"https:\/\/www.villedelparco.com\/de\/standardzimmer-mit-terrasse\/","name":"Superior Zimmer\/Superior Familienzimmer mit Terrasse ~ Ville del Parco Arbatax ~","isPartOf":{"@id":"https:\/\/www.villedelparco.com\/de\/#website"},"datePublished":"2023-03-01T14:18:18+00:00","dateModified":"2024-12-19T09:31:33+00:00","description":"In die Natur eingebettet und im ersten Stock gelegen, sind die Zimmer in mediterranen Farben und typisch sardischem Stil gestaltet. Durch die\u00a0gro\u00dfen Schiebet\u00fcren, die viel Licht hereinlassen, gelangt man auf eine\u00a0Terrasse\u00a0mit komfortablen Gartenm\u00f6beln. Die Zimmer verf\u00fcgen \u00fcber Klimaanlage, WLAN, TV, einen Safe und eine Minibar. Sie sind auch in der\u00a0familienversion verf\u00fcgbar\u00a0und bieten Platz f\u00fcr bis zu 3 Personen","breadcrumb":{"@id":"https:\/\/www.villedelparco.com\/de\/standardzimmer-mit-terrasse\/#breadcrumb"},"inLanguage":"de-DE","potentialAction":[{"@type":"ReadAction","target":["https:\/\/www.villedelparco.com\/de\/standardzimmer-mit-terrasse\/"]}]},{"@type":"BreadcrumbList","@id":"https:\/\/www.villedelparco.com\/de\/standardzimmer-mit-terrasse\/#breadcrumb","itemListElement":[{"@type":"ListItem","position":1,"name":"Home","item":"https:\/\/www.villedelparco.com\/de\/"},{"@type":"ListItem","position":2,"name":"Superior Zimmer\/Superior Familienzimmer mit Terrasse"}]},{"@type":"WebSite","@id":"https:\/\/www.villedelparco.com\/de\/#website","url":"https:\/\/www.villedelparco.com\/de\/","name":"Ville del Parco Arbatax","description":"","potentialAction":[{"@type":"SearchAction","target":{"@type":"EntryPoint","urlTemplate":"https:\/\/www.villedelparco.com\/de\/?s={search_term_string}"},"query-input":{"@type":"PropertyValueSpecification","valueRequired":true,"valueName":"search_term_string"}}],"inLanguage":"de-DE"}]}},"acf":[],"_links":{"self":[{"href":"https:\/\/www.villedelparco.com\/de\/wp-json\/wp\/v2\/pages\/311","targetHints":{"allow":["GET"]}}],"collection":[{"href":"https:\/\/www.villedelparco.com\/de\/wp-json\/wp\/v2\/pages"}],"about":[{"href":"https:\/\/www.villedelparco.com\/de\/wp-json\/wp\/v2\/types\/page"}],"author":[{"embeddable":true,"href":"https:\/\/www.villedelparco.com\/de\/wp-json\/wp\/v2\/users\/7"}],"replies":[{"embeddable":true,"href":"https:\/\/www.villedelparco.com\/de\/wp-json\/wp\/v2\/comments?post=311"}],"version-history":[{"count":0,"href":"https:\/\/www.villedelparco.com\/de\/wp-json\/wp\/v2\/pages\/311\/revisions"}],"wp:attachment":[{"href":"https:\/\/www.villedelparco.com\/de\/wp-json\/wp\/v2\/media?parent=311"}],"curies":[{"name":"wp","href":"https:\/\/api.w.org\/{rel}","templated":true}]}}