{"id":358,"date":"2023-03-08T13:51:39","date_gmt":"2023-03-08T13:51:39","guid":{"rendered":"https:\/\/villedelparco-landing-page.ms.decms.eu\/?page_id=358"},"modified":"2024-12-19T09:24:35","modified_gmt":"2024-12-19T09:24:35","slug":"chambres-standard","status":"publish","type":"page","link":"https:\/\/www.villedelparco.com\/fr\/chambres-standard\/","title":{"rendered":"Chambre Standard\/Chambre Familiale Standard"},"content":{"rendered":"<p>Enti\u00e8rement entour\u00e9es de verdure, les Chambres Standard sont d\u00e9cor\u00e9es dans le style traditionnel sarde et \u00e9quip\u00e9es de la climatisation, du Wi-Fi, d\u2019une t\u00e9l\u00e9vision, d\u2019un coffre-fort et d\u2019un minibar.<\/p>\n<p>Elles sont \u00e9galement disponibles en\u00a0<strong>version familiale<\/strong>\u00a0et peuvent\u00a0<em>accueillir jusqu\u2019\u00e0 3 personnes. Superficie: 16 m\u00b2<\/em><\/p>\n","protected":false},"excerpt":{"rendered":"<p>Enti\u00e8rement entour\u00e9es de verdure, les Chambres Standard sont d\u00e9cor\u00e9es dans le style traditionnel sarde et \u00e9quip\u00e9es de la climatisation, du Wi-Fi, d\u2019une t\u00e9l\u00e9vision, d\u2019un coffre-fort et d\u2019un minibar. Elles sont \u00e9galement disponibles en\u00a0version familiale\u00a0et peuvent\u00a0accueillir jusqu\u2019\u00e0 3 personnes. Superficie: 16 m\u00b2<\/p>\n","protected":false},"author":7,"featured_media":0,"parent":0,"menu_order":1,"comment_status":"closed","ping_status":"closed","template":"template-single-room.php","meta":{"footnotes":""},"class_list":["post-358","page","type-page","status-publish","hentry"],"yoast_head":"<!-- This site is optimized with the Yoast SEO plugin v26.9 - https:\/\/yoast.com\/product\/yoast-seo-wordpress\/ -->\n<title>Chambre Standard\/Chambre Familiale Standard ~ Ville del Parco Arbatax ~<\/title>\n<meta name=\"description\" content=\"Enti\u00e8rement entour\u00e9es de verdure, les Chambres Standard sont d\u00e9cor\u00e9es dans le style traditionnel sarde et \u00e9quip\u00e9es de la climatisation, du Wi-Fi, d\u2019une t\u00e9l\u00e9vision, d\u2019un coffre-fort et d\u2019un minibar.  Elles sont \u00e9galement disponibles en\u00a0version familiale\u00a0et peuvent\u00a0accueillir jusqu\u2019\u00e0 3 personnes. Superficie: 16 m\u00b2\" \/>\n<meta name=\"robots\" content=\"index, follow, max-snippet:-1, max-image-preview:large, max-video-preview:-1\" \/>\n<link rel=\"canonical\" href=\"https:\/\/www.villedelparco.com\/fr\/chambres-standard\/\" \/>\n<meta property=\"og:locale\" content=\"fr_FR\" \/>\n<meta property=\"og:type\" content=\"article\" \/>\n<meta property=\"og:title\" content=\"Chambre Standard\/Chambre Familiale Standard ~ Ville del Parco Arbatax ~\" \/>\n<meta property=\"og:description\" content=\"Enti\u00e8rement entour\u00e9es de verdure, les Chambres Standard sont d\u00e9cor\u00e9es dans le style traditionnel sarde et \u00e9quip\u00e9es de la climatisation, du Wi-Fi, d\u2019une t\u00e9l\u00e9vision, d\u2019un coffre-fort et d\u2019un minibar.  Elles sont \u00e9galement disponibles en\u00a0version familiale\u00a0et peuvent\u00a0accueillir jusqu\u2019\u00e0 3 personnes. Superficie: 16 m\u00b2\" \/>\n<meta property=\"og:url\" content=\"https:\/\/www.villedelparco.com\/fr\/chambres-standard\/\" \/>\n<meta property=\"og:site_name\" content=\"Ville del Parco Arbatax\" \/>\n<meta property=\"article:modified_time\" content=\"2024-12-19T09:24:35+00:00\" \/>\n<meta name=\"twitter:card\" content=\"summary_large_image\" \/>\n<meta name=\"twitter:label1\" content=\"Dur\u00e9e de lecture estim\u00e9e\" \/>\n\t<meta name=\"twitter:data1\" content=\"1 minute\" \/>\n<script type=\"application\/ld+json\" class=\"yoast-schema-graph\">{\"@context\":\"https:\/\/schema.org\",\"@graph\":[{\"@type\":\"WebPage\",\"@id\":\"https:\/\/www.villedelparco.com\/fr\/chambres-standard\/\",\"url\":\"https:\/\/www.villedelparco.com\/fr\/chambres-standard\/\",\"name\":\"Chambre Standard\/Chambre Familiale Standard ~ Ville del Parco Arbatax ~\",\"isPartOf\":{\"@id\":\"https:\/\/www.villedelparco.com\/fr\/#website\"},\"datePublished\":\"2023-03-08T13:51:39+00:00\",\"dateModified\":\"2024-12-19T09:24:35+00:00\",\"description\":\"Enti\u00e8rement entour\u00e9es de verdure, les Chambres Standard sont d\u00e9cor\u00e9es dans le style traditionnel sarde et \u00e9quip\u00e9es de la climatisation, du Wi-Fi, d\u2019une t\u00e9l\u00e9vision, d\u2019un coffre-fort et d\u2019un minibar. Elles sont \u00e9galement disponibles en\u00a0version familiale\u00a0et peuvent\u00a0accueillir jusqu\u2019\u00e0 3 personnes. Superficie: 16 m\u00b2\",\"breadcrumb\":{\"@id\":\"https:\/\/www.villedelparco.com\/fr\/chambres-standard\/#breadcrumb\"},\"inLanguage\":\"fr-FR\",\"potentialAction\":[{\"@type\":\"ReadAction\",\"target\":[\"https:\/\/www.villedelparco.com\/fr\/chambres-standard\/\"]}]},{\"@type\":\"BreadcrumbList\",\"@id\":\"https:\/\/www.villedelparco.com\/fr\/chambres-standard\/#breadcrumb\",\"itemListElement\":[{\"@type\":\"ListItem\",\"position\":1,\"name\":\"Home\",\"item\":\"https:\/\/www.villedelparco.com\/fr\/\"},{\"@type\":\"ListItem\",\"position\":2,\"name\":\"Chambre Standard\/Chambre Familiale Standard\"}]},{\"@type\":\"WebSite\",\"@id\":\"https:\/\/www.villedelparco.com\/fr\/#website\",\"url\":\"https:\/\/www.villedelparco.com\/fr\/\",\"name\":\"Ville del Parco Arbatax\",\"description\":\"\",\"potentialAction\":[{\"@type\":\"SearchAction\",\"target\":{\"@type\":\"EntryPoint\",\"urlTemplate\":\"https:\/\/www.villedelparco.com\/fr\/?s={search_term_string}\"},\"query-input\":{\"@type\":\"PropertyValueSpecification\",\"valueRequired\":true,\"valueName\":\"search_term_string\"}}],\"inLanguage\":\"fr-FR\"}]}<\/script>\n<!-- \/ Yoast SEO plugin. -->","yoast_head_json":{"title":"Chambre Standard\/Chambre Familiale Standard ~ Ville del Parco Arbatax ~","description":"Enti\u00e8rement entour\u00e9es de verdure, les Chambres Standard sont d\u00e9cor\u00e9es dans le style traditionnel sarde et \u00e9quip\u00e9es de la climatisation, du Wi-Fi, d\u2019une t\u00e9l\u00e9vision, d\u2019un coffre-fort et d\u2019un minibar.  Elles sont \u00e9galement disponibles en\u00a0version familiale\u00a0et peuvent\u00a0accueillir jusqu\u2019\u00e0 3 personnes. Superficie: 16 m\u00b2","robots":{"index":"index","follow":"follow","max-snippet":"max-snippet:-1","max-image-preview":"max-image-preview:large","max-video-preview":"max-video-preview:-1"},"canonical":"https:\/\/www.villedelparco.com\/fr\/chambres-standard\/","og_locale":"fr_FR","og_type":"article","og_title":"Chambre Standard\/Chambre Familiale Standard ~ Ville del Parco Arbatax ~","og_description":"Enti\u00e8rement entour\u00e9es de verdure, les Chambres Standard sont d\u00e9cor\u00e9es dans le style traditionnel sarde et \u00e9quip\u00e9es de la climatisation, du Wi-Fi, d\u2019une t\u00e9l\u00e9vision, d\u2019un coffre-fort et d\u2019un minibar.  Elles sont \u00e9galement disponibles en\u00a0version familiale\u00a0et peuvent\u00a0accueillir jusqu\u2019\u00e0 3 personnes. Superficie: 16 m\u00b2","og_url":"https:\/\/www.villedelparco.com\/fr\/chambres-standard\/","og_site_name":"Ville del Parco Arbatax","article_modified_time":"2024-12-19T09:24:35+00:00","twitter_card":"summary_large_image","twitter_misc":{"Dur\u00e9e de lecture estim\u00e9e":"1 minute"},"schema":{"@context":"https:\/\/schema.org","@graph":[{"@type":"WebPage","@id":"https:\/\/www.villedelparco.com\/fr\/chambres-standard\/","url":"https:\/\/www.villedelparco.com\/fr\/chambres-standard\/","name":"Chambre Standard\/Chambre Familiale Standard ~ Ville del Parco Arbatax ~","isPartOf":{"@id":"https:\/\/www.villedelparco.com\/fr\/#website"},"datePublished":"2023-03-08T13:51:39+00:00","dateModified":"2024-12-19T09:24:35+00:00","description":"Enti\u00e8rement entour\u00e9es de verdure, les Chambres Standard sont d\u00e9cor\u00e9es dans le style traditionnel sarde et \u00e9quip\u00e9es de la climatisation, du Wi-Fi, d\u2019une t\u00e9l\u00e9vision, d\u2019un coffre-fort et d\u2019un minibar. Elles sont \u00e9galement disponibles en\u00a0version familiale\u00a0et peuvent\u00a0accueillir jusqu\u2019\u00e0 3 personnes. Superficie: 16 m\u00b2","breadcrumb":{"@id":"https:\/\/www.villedelparco.com\/fr\/chambres-standard\/#breadcrumb"},"inLanguage":"fr-FR","potentialAction":[{"@type":"ReadAction","target":["https:\/\/www.villedelparco.com\/fr\/chambres-standard\/"]}]},{"@type":"BreadcrumbList","@id":"https:\/\/www.villedelparco.com\/fr\/chambres-standard\/#breadcrumb","itemListElement":[{"@type":"ListItem","position":1,"name":"Home","item":"https:\/\/www.villedelparco.com\/fr\/"},{"@type":"ListItem","position":2,"name":"Chambre Standard\/Chambre Familiale Standard"}]},{"@type":"WebSite","@id":"https:\/\/www.villedelparco.com\/fr\/#website","url":"https:\/\/www.villedelparco.com\/fr\/","name":"Ville del Parco Arbatax","description":"","potentialAction":[{"@type":"SearchAction","target":{"@type":"EntryPoint","urlTemplate":"https:\/\/www.villedelparco.com\/fr\/?s={search_term_string}"},"query-input":{"@type":"PropertyValueSpecification","valueRequired":true,"valueName":"search_term_string"}}],"inLanguage":"fr-FR"}]}},"acf":[],"_links":{"self":[{"href":"https:\/\/www.villedelparco.com\/fr\/wp-json\/wp\/v2\/pages\/358","targetHints":{"allow":["GET"]}}],"collection":[{"href":"https:\/\/www.villedelparco.com\/fr\/wp-json\/wp\/v2\/pages"}],"about":[{"href":"https:\/\/www.villedelparco.com\/fr\/wp-json\/wp\/v2\/types\/page"}],"author":[{"embeddable":true,"href":"https:\/\/www.villedelparco.com\/fr\/wp-json\/wp\/v2\/users\/7"}],"replies":[{"embeddable":true,"href":"https:\/\/www.villedelparco.com\/fr\/wp-json\/wp\/v2\/comments?post=358"}],"version-history":[{"count":0,"href":"https:\/\/www.villedelparco.com\/fr\/wp-json\/wp\/v2\/pages\/358\/revisions"}],"wp:attachment":[{"href":"https:\/\/www.villedelparco.com\/fr\/wp-json\/wp\/v2\/media?parent=358"}],"curies":[{"name":"wp","href":"https:\/\/api.w.org\/{rel}","templated":true}]}}