{"id":6,"date":"2023-02-27T15:24:59","date_gmt":"2023-02-27T15:24:59","guid":{"rendered":"https:\/\/villedelparco-landing-page.ms.decms.eu\/?page_id=6"},"modified":"2024-11-22T15:22:47","modified_gmt":"2024-11-22T15:22:47","slug":"ville-del-parco","status":"publish","type":"page","link":"https:\/\/www.villedelparco.com\/fr\/","title":{"rendered":"Ville del Parco"},"content":{"rendered":"<p style=\"text-align: center\">Les Ville del Parco sont particuli\u00e8rement adapt\u00e9es \u00e0 ceux qui veulent vivre un contact \u00e9troit avec la nature de la Sardaigne, sans renoncer au confort d&rsquo;un s\u00e9jour en bord de mer.<\/p>\n","protected":false},"excerpt":{"rendered":"<p>Les Ville del Parco sont particuli\u00e8rement adapt\u00e9es \u00e0 ceux qui veulent vivre un contact \u00e9troit avec la nature de la Sardaigne, sans renoncer au confort d&rsquo;un s\u00e9jour en bord de mer.<\/p>\n","protected":false},"author":7,"featured_media":0,"parent":0,"menu_order":0,"comment_status":"closed","ping_status":"closed","template":"","meta":{"footnotes":""},"class_list":["post-6","page","type-page","status-publish","hentry"],"yoast_head":"<!-- This site is optimized with the Yoast SEO plugin v26.9 - https:\/\/yoast.com\/product\/yoast-seo-wordpress\/ -->\n<title>Ville del Parco ~ Ville del Parco Arbatax ~<\/title>\n<meta name=\"description\" content=\"Les Ville del Parco sont particuli\u00e8rement adapt\u00e9es \u00e0 ceux qui veulent vivre un contact \u00e9troit avec la nature de la Sardaigne, sans renoncer au confort d&#039;un s\u00e9jour en bord de mer..\" \/>\n<meta name=\"robots\" content=\"index, follow, max-snippet:-1, max-image-preview:large, max-video-preview:-1\" \/>\n<link rel=\"canonical\" href=\"https:\/\/www.villedelparco.com\/fr\/\" \/>\n<meta property=\"og:locale\" content=\"fr_FR\" \/>\n<meta property=\"og:type\" content=\"article\" \/>\n<meta property=\"og:title\" content=\"Ville del Parco ~ Ville del Parco Arbatax ~\" \/>\n<meta property=\"og:description\" content=\"Les Ville del Parco sont particuli\u00e8rement adapt\u00e9es \u00e0 ceux qui veulent vivre un contact \u00e9troit avec la nature de la Sardaigne, sans renoncer au confort d&#039;un s\u00e9jour en bord de mer..\" \/>\n<meta property=\"og:url\" content=\"https:\/\/www.villedelparco.com\/fr\/\" \/>\n<meta property=\"og:site_name\" content=\"Ville del Parco Arbatax\" \/>\n<meta property=\"article:modified_time\" content=\"2024-11-22T15:22:47+00:00\" \/>\n<meta name=\"twitter:card\" content=\"summary_large_image\" \/>\n<meta name=\"twitter:label1\" content=\"Dur\u00e9e de lecture estim\u00e9e\" \/>\n\t<meta name=\"twitter:data1\" content=\"1 minute\" \/>\n<script type=\"application\/ld+json\" class=\"yoast-schema-graph\">{\"@context\":\"https:\/\/schema.org\",\"@graph\":[{\"@type\":\"WebPage\",\"@id\":\"https:\/\/www.villedelparco.com\/fr\/\",\"url\":\"https:\/\/www.villedelparco.com\/fr\/\",\"name\":\"Ville del Parco ~ Ville del Parco Arbatax ~\",\"isPartOf\":{\"@id\":\"https:\/\/www.villedelparco.com\/fr\/#website\"},\"datePublished\":\"2023-02-27T15:24:59+00:00\",\"dateModified\":\"2024-11-22T15:22:47+00:00\",\"description\":\"Les Ville del Parco sont particuli\u00e8rement adapt\u00e9es \u00e0 ceux qui veulent vivre un contact \u00e9troit avec la nature de la Sardaigne, sans renoncer au confort d'un s\u00e9jour en bord de mer. .\",\"breadcrumb\":{\"@id\":\"https:\/\/www.villedelparco.com\/fr\/#breadcrumb\"},\"inLanguage\":\"fr-FR\",\"potentialAction\":[{\"@type\":\"ReadAction\",\"target\":[\"https:\/\/www.villedelparco.com\/fr\/\"]}]},{\"@type\":\"BreadcrumbList\",\"@id\":\"https:\/\/www.villedelparco.com\/fr\/#breadcrumb\",\"itemListElement\":[{\"@type\":\"ListItem\",\"position\":1,\"name\":\"Home\",\"item\":\"https:\/\/www.villedelparco.com\/fr\/\"},{\"@type\":\"ListItem\",\"position\":2,\"name\":\"Ville del Parco\"}]},{\"@type\":\"WebSite\",\"@id\":\"https:\/\/www.villedelparco.com\/fr\/#website\",\"url\":\"https:\/\/www.villedelparco.com\/fr\/\",\"name\":\"Ville del Parco Arbatax\",\"description\":\"\",\"potentialAction\":[{\"@type\":\"SearchAction\",\"target\":{\"@type\":\"EntryPoint\",\"urlTemplate\":\"https:\/\/www.villedelparco.com\/fr\/?s={search_term_string}\"},\"query-input\":{\"@type\":\"PropertyValueSpecification\",\"valueRequired\":true,\"valueName\":\"search_term_string\"}}],\"inLanguage\":\"fr-FR\"}]}<\/script>\n<!-- \/ Yoast SEO plugin. -->","yoast_head_json":{"title":"Ville del Parco ~ Ville del Parco Arbatax ~","description":"Les Ville del Parco sont particuli\u00e8rement adapt\u00e9es \u00e0 ceux qui veulent vivre un contact \u00e9troit avec la nature de la Sardaigne, sans renoncer au confort d'un s\u00e9jour en bord de mer..","robots":{"index":"index","follow":"follow","max-snippet":"max-snippet:-1","max-image-preview":"max-image-preview:large","max-video-preview":"max-video-preview:-1"},"canonical":"https:\/\/www.villedelparco.com\/fr\/","og_locale":"fr_FR","og_type":"article","og_title":"Ville del Parco ~ Ville del Parco Arbatax ~","og_description":"Les Ville del Parco sont particuli\u00e8rement adapt\u00e9es \u00e0 ceux qui veulent vivre un contact \u00e9troit avec la nature de la Sardaigne, sans renoncer au confort d'un s\u00e9jour en bord de mer..","og_url":"https:\/\/www.villedelparco.com\/fr\/","og_site_name":"Ville del Parco Arbatax","article_modified_time":"2024-11-22T15:22:47+00:00","twitter_card":"summary_large_image","twitter_misc":{"Dur\u00e9e de lecture estim\u00e9e":"1 minute"},"schema":{"@context":"https:\/\/schema.org","@graph":[{"@type":"WebPage","@id":"https:\/\/www.villedelparco.com\/fr\/","url":"https:\/\/www.villedelparco.com\/fr\/","name":"Ville del Parco ~ Ville del Parco Arbatax ~","isPartOf":{"@id":"https:\/\/www.villedelparco.com\/fr\/#website"},"datePublished":"2023-02-27T15:24:59+00:00","dateModified":"2024-11-22T15:22:47+00:00","description":"Les Ville del Parco sont particuli\u00e8rement adapt\u00e9es \u00e0 ceux qui veulent vivre un contact \u00e9troit avec la nature de la Sardaigne, sans renoncer au confort d'un s\u00e9jour en bord de mer. .","breadcrumb":{"@id":"https:\/\/www.villedelparco.com\/fr\/#breadcrumb"},"inLanguage":"fr-FR","potentialAction":[{"@type":"ReadAction","target":["https:\/\/www.villedelparco.com\/fr\/"]}]},{"@type":"BreadcrumbList","@id":"https:\/\/www.villedelparco.com\/fr\/#breadcrumb","itemListElement":[{"@type":"ListItem","position":1,"name":"Home","item":"https:\/\/www.villedelparco.com\/fr\/"},{"@type":"ListItem","position":2,"name":"Ville del Parco"}]},{"@type":"WebSite","@id":"https:\/\/www.villedelparco.com\/fr\/#website","url":"https:\/\/www.villedelparco.com\/fr\/","name":"Ville del Parco Arbatax","description":"","potentialAction":[{"@type":"SearchAction","target":{"@type":"EntryPoint","urlTemplate":"https:\/\/www.villedelparco.com\/fr\/?s={search_term_string}"},"query-input":{"@type":"PropertyValueSpecification","valueRequired":true,"valueName":"search_term_string"}}],"inLanguage":"fr-FR"}]}},"acf":[],"_links":{"self":[{"href":"https:\/\/www.villedelparco.com\/fr\/wp-json\/wp\/v2\/pages\/6","targetHints":{"allow":["GET"]}}],"collection":[{"href":"https:\/\/www.villedelparco.com\/fr\/wp-json\/wp\/v2\/pages"}],"about":[{"href":"https:\/\/www.villedelparco.com\/fr\/wp-json\/wp\/v2\/types\/page"}],"author":[{"embeddable":true,"href":"https:\/\/www.villedelparco.com\/fr\/wp-json\/wp\/v2\/users\/7"}],"replies":[{"embeddable":true,"href":"https:\/\/www.villedelparco.com\/fr\/wp-json\/wp\/v2\/comments?post=6"}],"version-history":[{"count":0,"href":"https:\/\/www.villedelparco.com\/fr\/wp-json\/wp\/v2\/pages\/6\/revisions"}],"wp:attachment":[{"href":"https:\/\/www.villedelparco.com\/fr\/wp-json\/wp\/v2\/media?parent=6"}],"curies":[{"name":"wp","href":"https:\/\/api.w.org\/{rel}","templated":true}]}}